{"id":291,"date":"2022-02-07T10:28:44","date_gmt":"2022-02-07T07:28:44","guid":{"rendered":"http:\/\/www.sultanahmetet.com\/?page_id=291"},"modified":"2022-02-07T10:32:11","modified_gmt":"2022-02-07T07:32:11","slug":"pilic","status":"publish","type":"page","link":"http:\/\/www.sultanahmetet.com\/index.php\/pilic\/","title":{"rendered":"Pili\u00e7  Grubumuz"},"content":{"rendered":"<div class=\"wpb-content-wrapper\"><p>[vc_row parallax=&#8221;content-moving&#8221; parallax_image=&#8221;292&#8243; bg_image_repeat=&#8221;no-repeat&#8221;][vc_column][vc_custom_heading text=&#8221;Pili\u00e7 <strong>Grubumuz<\/strong>&#8221; font_container=&#8221;tag:h2|font_size:36|text_align:center&#8221; use_theme_fonts=&#8221;yes&#8221; skin=&#8221;light&#8221; el_class=&#8221;m-t-xlg p-b-xlg p-t-xlg m-b-xlg&#8221;][\/vc_column][\/vc_row][vc_row][vc_column][vc_empty_space][\/vc_column][vc_column width=&#8221;1\/4&#8243;][vc_column_text]<img loading=\"lazy\" decoding=\"async\" class=\"size-full wp-image-281 alignleft\" src=\"http:\/\/www.sultanahmetet.com\/wp-content\/uploads\/2022\/02\/lunch.png\" alt=\"\" width=\"64\" height=\"64\" \/><strong><span style=\"font-size: 18px; color: #800000;\">P\u0130L\u0130\u00c7 P\u0130RZOLA<\/span><\/strong>[\/vc_column_text][\/vc_column][vc_column width=&#8221;1\/4&#8243;][vc_column_text]<img loading=\"lazy\" decoding=\"async\" class=\"size-full wp-image-281 alignleft\" src=\"http:\/\/www.sultanahmetet.com\/wp-content\/uploads\/2022\/02\/lunch.png\" alt=\"\" width=\"64\" height=\"64\" \/><strong><span style=\"font-size: 18px; color: #800000;\">P\u0130L\u0130\u00c7 BUT<\/span><\/strong>[\/vc_column_text][\/vc_column][vc_column width=&#8221;1\/4&#8243;][vc_column_text]<img loading=\"lazy\" decoding=\"async\" class=\"size-full wp-image-281 alignleft\" src=\"http:\/\/www.sultanahmetet.com\/wp-content\/uploads\/2022\/02\/lunch.png\" alt=\"\" width=\"64\" height=\"64\" \/><strong><span style=\"font-size: 18px; color: #800000;\">P\u0130L\u0130\u00c7 BONF\u0130LE<\/span><\/strong>[\/vc_column_text][\/vc_column][vc_column width=&#8221;1\/4&#8243;][vc_column_text]<img loading=\"lazy\" decoding=\"async\" class=\"size-full wp-image-281 alignleft\" src=\"http:\/\/www.sultanahmetet.com\/wp-content\/uploads\/2022\/02\/lunch.png\" alt=\"\" width=\"64\" height=\"64\" \/><strong><span style=\"font-size: 18px; color: #800000;\">P\u0130L\u0130\u00c7 S\u0130N\u0130TZEL<\/span><\/strong>[\/vc_column_text][\/vc_column][\/vc_row][vc_row][vc_column width=&#8221;1\/4&#8243;][vc_column_text]<img loading=\"lazy\" decoding=\"async\" class=\"size-full wp-image-281 alignleft\" src=\"http:\/\/www.sultanahmetet.com\/wp-content\/uploads\/2022\/02\/lunch.png\" alt=\"\" width=\"64\" height=\"64\" \/><strong><span style=\"font-size: 18px; color: #800000;\">P\u0130L\u0130\u00c7 NUGGET<\/span><\/strong>[\/vc_column_text][\/vc_column][vc_column width=&#8221;1\/4&#8243;][vc_column_text]<img loading=\"lazy\" decoding=\"async\" class=\"size-full wp-image-281 alignleft\" src=\"http:\/\/www.sultanahmetet.com\/wp-content\/uploads\/2022\/02\/lunch.png\" alt=\"\" width=\"64\" height=\"64\" \/><strong><span style=\"font-size: 18px; color: #800000;\">P\u0130L\u0130\u00c7 KANAT<\/span><\/strong>[\/vc_column_text][\/vc_column][vc_column width=&#8221;1\/4&#8243;][vc_column_text]<img loading=\"lazy\" decoding=\"async\" class=\"size-full wp-image-281 alignleft\" src=\"http:\/\/www.sultanahmetet.com\/wp-content\/uploads\/2022\/02\/lunch.png\" alt=\"\" width=\"64\" height=\"64\" \/><strong><span style=\"font-size: 18px; color: #800000;\">YAPRAK KANAT<\/span><\/strong>[\/vc_column_text][\/vc_column][vc_column width=&#8221;1\/4&#8243;][vc_column_text]<img loading=\"lazy\" decoding=\"async\" class=\"size-full wp-image-281 alignleft\" src=\"http:\/\/www.sultanahmetet.com\/wp-content\/uploads\/2022\/02\/lunch.png\" alt=\"\" width=\"64\" height=\"64\" \/><strong><span style=\"font-size: 18px; color: #800000;\">P\u0130L\u0130\u00c7 BAGET<\/span><\/strong>[\/vc_column_text][\/vc_column][\/vc_row][vc_row][vc_column width=&#8221;1\/4&#8243;][vc_column_text]<img loading=\"lazy\" decoding=\"async\" class=\"size-full wp-image-281 alignleft\" src=\"http:\/\/www.sultanahmetet.com\/wp-content\/uploads\/2022\/02\/lunch.png\" alt=\"\" width=\"64\" height=\"64\" \/><strong><span style=\"font-size: 18px; color: #800000;\">P\u0130L\u0130\u00c7 SARMA<\/span><\/strong>[\/vc_column_text][\/vc_column][vc_column width=&#8221;1\/4&#8243;][vc_column_text]<img loading=\"lazy\" decoding=\"async\" class=\"size-full wp-image-281 alignleft\" src=\"http:\/\/www.sultanahmetet.com\/wp-content\/uploads\/2022\/02\/lunch.png\" alt=\"\" width=\"64\" height=\"64\" \/><strong><span style=\"font-size: 18px; color: #800000;\">P\u0130L\u0130\u00c7 KAL\u00c7A<\/span><\/strong>[\/vc_column_text][\/vc_column][vc_column width=&#8221;1\/4&#8243;][vc_column_text]<img loading=\"lazy\" decoding=\"async\" class=\"size-full wp-image-281 alignleft\" src=\"http:\/\/www.sultanahmetet.com\/wp-content\/uploads\/2022\/02\/lunch.png\" alt=\"\" width=\"64\" height=\"64\" \/><strong><span style=\"font-size: 18px; color: #800000;\">P\u0130L\u0130\u00c7 TALEKS<\/span><\/strong>[\/vc_column_text][\/vc_column][vc_column width=&#8221;1\/4&#8243;][vc_column_text]<img loading=\"lazy\" decoding=\"async\" class=\"size-full wp-image-281 alignleft\" src=\"http:\/\/www.sultanahmetet.com\/wp-content\/uploads\/2022\/02\/lunch.png\" alt=\"\" width=\"64\" height=\"64\" \/><strong><span style=\"font-size: 18px; color: #800000;\">P\u0130L\u0130\u00c7 TOPKAPI<\/span><\/strong>[\/vc_column_text][\/vc_column][\/vc_row][vc_row][vc_column width=&#8221;1\/4&#8243;][vc_column_text]<img loading=\"lazy\" decoding=\"async\" class=\"size-full wp-image-281 alignleft\" src=\"http:\/\/www.sultanahmetet.com\/wp-content\/uploads\/2022\/02\/lunch.png\" alt=\"\" width=\"64\" height=\"64\" \/><strong><span style=\"font-size: 18px; color: #800000;\">P\u0130L\u0130\u00c7 LOLYPOP<\/span><\/strong>[\/vc_column_text][\/vc_column][vc_column width=&#8221;1\/4&#8243;][vc_column_text]<img loading=\"lazy\" decoding=\"async\" class=\"size-full wp-image-281 alignleft\" src=\"http:\/\/www.sultanahmetet.com\/wp-content\/uploads\/2022\/02\/lunch.png\" alt=\"\" width=\"64\" height=\"64\" \/><strong><span style=\"font-size: 18px; color: #800000;\">P\u0130L\u0130\u00c7 BURGER<\/span><\/strong>[\/vc_column_text][\/vc_column][vc_column width=&#8221;1\/4&#8243;][vc_column_text]<img loading=\"lazy\" decoding=\"async\" class=\"size-full wp-image-281 alignleft\" src=\"http:\/\/www.sultanahmetet.com\/wp-content\/uploads\/2022\/02\/lunch.png\" alt=\"\" width=\"64\" height=\"64\" \/><strong><span style=\"font-size: 18px; color: #800000;\">P\u0130L\u0130\u00c7 KADINBUDU<\/span><\/strong>[\/vc_column_text][\/vc_column][vc_column width=&#8221;1\/4&#8243;][vc_column_text]<img loading=\"lazy\" decoding=\"async\" class=\"size-full wp-image-281 alignleft\" src=\"http:\/\/www.sultanahmetet.com\/wp-content\/uploads\/2022\/02\/lunch.png\" alt=\"\" width=\"64\" height=\"64\" \/><strong><span style=\"font-size: 18px; color: #800000;\">P\u0130L\u0130\u00c7 ADANA \u015e\u0130\u015e<\/span><\/strong>[\/vc_column_text][\/vc_column][\/vc_row][vc_row][vc_column width=&#8221;1\/4&#8243;][vc_column_text]<img loading=\"lazy\" decoding=\"async\" class=\"size-full wp-image-281 alignleft\" src=\"http:\/\/www.sultanahmetet.com\/wp-content\/uploads\/2022\/02\/lunch.png\" alt=\"\" width=\"64\" height=\"64\" \/><strong><span style=\"font-size: 18px; color: #800000;\">P\u0130L\u0130\u00c7 K\u00d6K KANAT<\/span><\/strong>[\/vc_column_text][\/vc_column][vc_column width=&#8221;1\/4&#8243;][vc_column_text]<img loading=\"lazy\" decoding=\"async\" class=\"size-full wp-image-281 alignleft\" src=\"http:\/\/www.sultanahmetet.com\/wp-content\/uploads\/2022\/02\/lunch.png\" alt=\"\" width=\"64\" height=\"64\" \/><strong><span style=\"font-size: 18px; color: #800000;\">P\u0130L\u0130\u00c7 CORDON BLUE<\/span><\/strong>[\/vc_column_text][\/vc_column][vc_column width=&#8221;1\/4&#8243;][vc_column_text]<img loading=\"lazy\" decoding=\"async\" class=\"size-full wp-image-281 alignleft\" src=\"http:\/\/www.sultanahmetet.com\/wp-content\/uploads\/2022\/02\/lunch.png\" alt=\"\" width=\"64\" height=\"64\" \/><strong><span style=\"font-size: 18px; color: #800000;\">P\u0130L\u0130\u00c7 \u00c7\u0130\u011eER<\/span><\/strong>[\/vc_column_text][\/vc_column][vc_column width=&#8221;1\/4&#8243;][\/vc_column][\/vc_row][vc_row][vc_column width=&#8221;1\/4&#8243;][vc_column_text]<img loading=\"lazy\" decoding=\"async\" class=\"size-full wp-image-281 alignleft\" src=\"http:\/\/www.sultanahmetet.com\/wp-content\/uploads\/2022\/02\/lunch.png\" alt=\"\" width=\"64\" height=\"64\" \/><strong><span style=\"font-size: 18px; color: #800000;\">H\u0130ND\u0130 BUT<\/span><\/strong>[\/vc_column_text][\/vc_column][vc_column width=&#8221;1\/4&#8243;][vc_column_text]<img loading=\"lazy\" decoding=\"async\" class=\"size-full wp-image-281 alignleft\" src=\"http:\/\/www.sultanahmetet.com\/wp-content\/uploads\/2022\/02\/lunch.png\" alt=\"\" width=\"64\" height=\"64\" \/><strong><span style=\"font-size: 18px; color: #800000;\">H\u0130ND\u0130 B\u00dcT\u00dcN<\/span><\/strong>[\/vc_column_text][\/vc_column][vc_column width=&#8221;1\/4&#8243;][vc_column_text]<img loading=\"lazy\" decoding=\"async\" class=\"size-full wp-image-281 alignleft\" src=\"http:\/\/www.sultanahmetet.com\/wp-content\/uploads\/2022\/02\/lunch.png\" alt=\"\" width=\"64\" height=\"64\" \/><strong><span style=\"font-size: 18px; color: #800000;\">H\u0130ND\u0130 FLETO<\/span><\/strong>[\/vc_column_text][\/vc_column][vc_column width=&#8221;1\/4&#8243;][vc_column_text]<img loading=\"lazy\" decoding=\"async\" class=\"size-full wp-image-281 alignleft\" src=\"http:\/\/www.sultanahmetet.com\/wp-content\/uploads\/2022\/02\/lunch.png\" alt=\"\" width=\"64\" height=\"64\" \/><strong><span style=\"font-size: 18px; color: #800000;\">H\u0130ND\u0130 \u00dcST BUT<\/span><\/strong>[\/vc_column_text][\/vc_column][\/vc_row]<\/p>\n<\/div>","protected":false},"excerpt":{"rendered":"<p>[vc_row parallax=&#8221;content-moving&#8221; parallax_image=&#8221;292&#8243; bg_image_repeat=&#8221;no-repeat&#8221;][vc_column][vc_custom_heading text=&#8221;Pili\u00e7 Grubumuz&#8221; font_container=&#8221;tag:h2|font_size:36|text_align:center&#8221; use_theme_fonts=&#8221;yes&#8221; skin=&#8221;light&#8221; el_class=&#8221;m-t-xlg p-b-xlg p-t-xlg m-b-xlg&#8221;][\/vc_column][\/vc_row][vc_row][vc_column][vc_empty_space][\/vc_column][vc_column width=&#8221;1\/4&#8243;][vc_column_text]P\u0130L\u0130\u00c7 P\u0130RZOLA[\/vc_column_text][\/vc_column][vc_column width=&#8221;1\/4&#8243;][vc_column_text]P\u0130L\u0130\u00c7 BUT[\/vc_column_text][\/vc_column][vc_column width=&#8221;1\/4&#8243;][vc_column_text]P\u0130L\u0130\u00c7 BONF\u0130LE[\/vc_column_text][\/vc_column][vc_column width=&#8221;1\/4&#8243;][vc_column_text]P\u0130L\u0130\u00c7 S\u0130N\u0130TZEL[\/vc_column_text][\/vc_column][\/vc_row][vc_row][vc_column width=&#8221;1\/4&#8243;][vc_column_text]P\u0130L\u0130\u00c7 NUGGET[\/vc_column_text][\/vc_column][vc_column width=&#8221;1\/4&#8243;][vc_column_text]P\u0130L\u0130\u00c7 KANAT[\/vc_column_text][\/vc_column][vc_column width=&#8221;1\/4&#8243;][vc_column_text]YAPRAK KANAT[\/vc_column_text][\/vc_column][vc_column width=&#8221;1\/4&#8243;][vc_column_text]P\u0130L\u0130\u00c7 BAGET[\/vc_column_text][\/vc_column][\/vc_row][vc_row][vc_column width=&#8221;1\/4&#8243;][vc_column_text]P\u0130L\u0130\u00c7 SARMA[\/vc_column_text][\/vc_column][vc_column width=&#8221;1\/4&#8243;][vc_column_text]P\u0130L\u0130\u00c7 KAL\u00c7A[\/vc_column_text][\/vc_column][vc_column width=&#8221;1\/4&#8243;][vc_column_text]P\u0130L\u0130\u00c7 TALEKS[\/vc_column_text][\/vc_column][vc_column width=&#8221;1\/4&#8243;][vc_column_text]P\u0130L\u0130\u00c7 TOPKAPI[\/vc_column_text][\/vc_column][\/vc_row][vc_row][vc_column width=&#8221;1\/4&#8243;][vc_column_text]P\u0130L\u0130\u00c7 LOLYPOP[\/vc_column_text][\/vc_column][vc_column width=&#8221;1\/4&#8243;][vc_column_text]P\u0130L\u0130\u00c7 BURGER[\/vc_column_text][\/vc_column][vc_column width=&#8221;1\/4&#8243;][vc_column_text]P\u0130L\u0130\u00c7 KADINBUDU[\/vc_column_text][\/vc_column][vc_column width=&#8221;1\/4&#8243;][vc_column_text]P\u0130L\u0130\u00c7 ADANA \u015e\u0130\u015e[\/vc_column_text][\/vc_column][\/vc_row][vc_row][vc_column width=&#8221;1\/4&#8243;][vc_column_text]P\u0130L\u0130\u00c7 K\u00d6K KANAT[\/vc_column_text][\/vc_column][vc_column width=&#8221;1\/4&#8243;][vc_column_text]P\u0130L\u0130\u00c7 CORDON BLUE[\/vc_column_text][\/vc_column][vc_column width=&#8221;1\/4&#8243;][vc_column_text]P\u0130L\u0130\u00c7 \u00c7\u0130\u011eER[\/vc_column_text][\/vc_column][vc_column width=&#8221;1\/4&#8243;][\/vc_column][\/vc_row][vc_row][vc_column [&hellip;]<\/p>\n","protected":false},"author":1,"featured_media":0,"parent":0,"menu_order":0,"comment_status":"closed","ping_status":"closed","template":"","meta":{"footnotes":""},"class_list":["post-291","page","type-page","status-publish","hentry"],"_links":{"self":[{"href":"http:\/\/www.sultanahmetet.com\/index.php\/wp-json\/wp\/v2\/pages\/291","targetHints":{"allow":["GET"]}}],"collection":[{"href":"http:\/\/www.sultanahmetet.com\/index.php\/wp-json\/wp\/v2\/pages"}],"about":[{"href":"http:\/\/www.sultanahmetet.com\/index.php\/wp-json\/wp\/v2\/types\/page"}],"author":[{"embeddable":true,"href":"http:\/\/www.sultanahmetet.com\/index.php\/wp-json\/wp\/v2\/users\/1"}],"replies":[{"embeddable":true,"href":"http:\/\/www.sultanahmetet.com\/index.php\/wp-json\/wp\/v2\/comments?post=291"}],"version-history":[{"count":4,"href":"http:\/\/www.sultanahmetet.com\/index.php\/wp-json\/wp\/v2\/pages\/291\/revisions"}],"predecessor-version":[{"id":294,"href":"http:\/\/www.sultanahmetet.com\/index.php\/wp-json\/wp\/v2\/pages\/291\/revisions\/294"}],"wp:attachment":[{"href":"http:\/\/www.sultanahmetet.com\/index.php\/wp-json\/wp\/v2\/media?parent=291"}],"curies":[{"name":"wp","href":"https:\/\/api.w.org\/{rel}","templated":true}]}}